{"id":19,"date":"2024-12-11T17:48:54","date_gmt":"2024-12-11T16:48:54","guid":{"rendered":"http:\/\/www.ingecko.fr\/?page_id=19"},"modified":"2026-03-16T16:30:29","modified_gmt":"2026-03-16T15:30:29","slug":"accueil","status":"publish","type":"page","link":"https:\/\/www.ingecko.fr\/","title":{"rendered":"Accueil"},"content":{"rendered":"<div class=\"wp-block-site-logo\"><a href=\"https:\/\/www.ingecko.fr\/\" class=\"custom-logo-link\" rel=\"home\"><img loading=\"lazy\" decoding=\"async\" width=\"319\" height=\"126\" src=\"https:\/\/www.ingecko.fr\/wp-content\/uploads\/2026\/03\/cropped-Logo-grand-R.png\" class=\"custom-logo\" alt=\"\" srcset=\"https:\/\/www.ingecko.fr\/wp-content\/uploads\/2026\/03\/cropped-Logo-grand-R.png 630w, https:\/\/www.ingecko.fr\/wp-content\/uploads\/2026\/03\/cropped-Logo-grand-R-300x119.png 300w\" sizes=\"auto, 100vw\" \/><\/a><\/div>\n\n\n<p><br>Sp\u00e9cialiste des <strong>Equipements Sous Pression<\/strong> depuis plus de 12 ans, INGECKO est une soci\u00e9t\u00e9 ind\u00e9pendante d\u2019ing\u00e9nierie-conseil au service de l\u2019industrie.<br><br>Nos \u00e9quipes apportent leur expertise de pointe en ing\u00e9nierie et en management de projet.<br><br>Forts d&rsquo;une expertise \u00e9prouv\u00e9e et d&rsquo;une passion pour l&rsquo;excellence technique, nous offrons des solutions sur mesure qui r\u00e9pondent aux exigences les plus strictes en mati\u00e8re de s\u00e9curit\u00e9, de s\u00fbret\u00e9, de fiabilit\u00e9 et de performance.<br><br><strong><em>INGECKO. Notre Expertise au service de vos Projets.<\/em><\/strong><\/p>\n\n\n\n<div style=\"height:100px\" aria-hidden=\"true\" class=\"wp-block-spacer\"><\/div>\n\n\n\n<blockquote class=\"wp-block-quote is-layout-flow wp-block-quote-is-layout-flow\">\n<p>Afin de ma\u00eetriser pleinement le d\u00e9veloppement de la soci\u00e9t\u00e9 et de garantir la coh\u00e9rence, la fiabilit\u00e9 et la qualit\u00e9 des solutions et services propos\u00e9s, INGECKO est une marque d\u00e9pos\u00e9e.<\/p>\n\n\n\n<p>Ce label et gage de qualit\u00e9 INGECKO est exploit\u00e9 par INGECORP. <\/p>\n<\/blockquote>\n\n\n<div class=\"wp-block-image\">\n<figure class=\"alignright size-full\"><img loading=\"lazy\" decoding=\"async\" width=\"2560\" height=\"709\" src=\"http:\/\/www.ingecko.fr\/wp-content\/uploads\/2026\/03\/INGECKO-par-INGECORP_grand-scaled.png\" alt=\"\" class=\"wp-image-232\" srcset=\"https:\/\/www.ingecko.fr\/wp-content\/uploads\/2026\/03\/INGECKO-par-INGECORP_grand-scaled.png 2560w, https:\/\/www.ingecko.fr\/wp-content\/uploads\/2026\/03\/INGECKO-par-INGECORP_grand-300x83.png 300w, https:\/\/www.ingecko.fr\/wp-content\/uploads\/2026\/03\/INGECKO-par-INGECORP_grand-1024x284.png 1024w, https:\/\/www.ingecko.fr\/wp-content\/uploads\/2026\/03\/INGECKO-par-INGECORP_grand-768x213.png 768w, https:\/\/www.ingecko.fr\/wp-content\/uploads\/2026\/03\/INGECKO-par-INGECORP_grand-1536x425.png 1536w, https:\/\/www.ingecko.fr\/wp-content\/uploads\/2026\/03\/INGECKO-par-INGECORP_grand-2048x567.png 2048w\" sizes=\"auto, (max-width: 706px) 89vw, (max-width: 767px) 82vw, 740px\" \/><\/figure>\n<\/div>\n\n\n<p><\/p>\n","protected":false},"excerpt":{"rendered":"<p>Sp\u00e9cialiste des Equipements Sous Pression depuis plus de 12 ans, INGECKO est une soci\u00e9t\u00e9 ind\u00e9pendante d\u2019ing\u00e9nierie-conseil au service de l\u2019industrie. Nos \u00e9quipes apportent leur expertise de pointe en ing\u00e9nierie et en management de projet. Forts d&rsquo;une expertise \u00e9prouv\u00e9e et d&rsquo;une passion pour l&rsquo;excellence technique, nous offrons des solutions sur mesure qui r\u00e9pondent aux exigences les &hellip; <\/p>\n<p class=\"link-more\"><a href=\"https:\/\/www.ingecko.fr\/\" class=\"more-link\">Continuer la lecture<span class=\"screen-reader-text\"> de &laquo;&nbsp;Accueil&nbsp;&raquo;<\/span><\/a><\/p>\n","protected":false},"author":1,"featured_media":0,"parent":0,"menu_order":1,"comment_status":"closed","ping_status":"closed","template":"","meta":{"footnotes":""},"class_list":["post-19","page","type-page","status-publish","hentry"],"_links":{"self":[{"href":"https:\/\/www.ingecko.fr\/index.php\/wp-json\/wp\/v2\/pages\/19","targetHints":{"allow":["GET"]}}],"collection":[{"href":"https:\/\/www.ingecko.fr\/index.php\/wp-json\/wp\/v2\/pages"}],"about":[{"href":"https:\/\/www.ingecko.fr\/index.php\/wp-json\/wp\/v2\/types\/page"}],"author":[{"embeddable":true,"href":"https:\/\/www.ingecko.fr\/index.php\/wp-json\/wp\/v2\/users\/1"}],"replies":[{"embeddable":true,"href":"https:\/\/www.ingecko.fr\/index.php\/wp-json\/wp\/v2\/comments?post=19"}],"version-history":[{"count":19,"href":"https:\/\/www.ingecko.fr\/index.php\/wp-json\/wp\/v2\/pages\/19\/revisions"}],"predecessor-version":[{"id":233,"href":"https:\/\/www.ingecko.fr\/index.php\/wp-json\/wp\/v2\/pages\/19\/revisions\/233"}],"wp:attachment":[{"href":"https:\/\/www.ingecko.fr\/index.php\/wp-json\/wp\/v2\/media?parent=19"}],"curies":[{"name":"wp","href":"https:\/\/api.w.org\/{rel}","templated":true}]}}