{"id":24,"date":"2024-12-11T17:49:44","date_gmt":"2024-12-11T16:49:44","guid":{"rendered":"http:\/\/www.ingecko.fr\/?page_id=24"},"modified":"2025-01-21T17:10:18","modified_gmt":"2025-01-21T16:10:18","slug":"services","status":"publish","type":"page","link":"https:\/\/www.ingecko.fr\/index.php\/services\/","title":{"rendered":"Notre offre"},"content":{"rendered":"\n<p class=\"has-large-font-size\">INGECKO vous propose une approche unique qui fait de lui un partenaire privil\u00e9gi\u00e9.<\/p>\n\n\n\n<hr class=\"wp-block-separator has-text-color has-light-green-cyan-color has-alpha-channel-opacity has-light-green-cyan-background-color has-background is-style-default\"\/>\n\n\n\n<div class=\"wp-block-columns alignwide are-vertically-aligned-center is-layout-flex wp-container-core-columns-is-layout-432a1d39 wp-block-columns-is-layout-flex\" style=\"margin-top:100px;margin-bottom:70px;line-height:1.8\">\n<div class=\"wp-block-column is-vertically-aligned-center is-layout-flow wp-block-column-is-layout-flow\" style=\"padding-top:0px;padding-right:0px;padding-bottom:0px;padding-left:0px\"><div class=\"wp-block-image\">\n<figure class=\"aligncenter size-full\"><img loading=\"lazy\" decoding=\"async\" width=\"1707\" height=\"2560\" src=\"http:\/\/www.ingecko.fr\/wp-content\/uploads\/2024\/12\/jimmy-nilsson-masth-DoddvAjNACY-unsplash-1-scaled.jpg\" alt=\"\" class=\"wp-image-36\" srcset=\"https:\/\/www.ingecko.fr\/wp-content\/uploads\/2024\/12\/jimmy-nilsson-masth-DoddvAjNACY-unsplash-1-scaled.jpg 1707w, https:\/\/www.ingecko.fr\/wp-content\/uploads\/2024\/12\/jimmy-nilsson-masth-DoddvAjNACY-unsplash-1-200x300.jpg 200w, https:\/\/www.ingecko.fr\/wp-content\/uploads\/2024\/12\/jimmy-nilsson-masth-DoddvAjNACY-unsplash-1-683x1024.jpg 683w, https:\/\/www.ingecko.fr\/wp-content\/uploads\/2024\/12\/jimmy-nilsson-masth-DoddvAjNACY-unsplash-1-768x1152.jpg 768w, https:\/\/www.ingecko.fr\/wp-content\/uploads\/2024\/12\/jimmy-nilsson-masth-DoddvAjNACY-unsplash-1-1024x1536.jpg 1024w, https:\/\/www.ingecko.fr\/wp-content\/uploads\/2024\/12\/jimmy-nilsson-masth-DoddvAjNACY-unsplash-1-1365x2048.jpg 1365w\" sizes=\"auto, (max-width: 706px) 89vw, (max-width: 767px) 82vw, 740px\" \/><\/figure>\n<\/div><\/div>\n\n\n\n<div class=\"wp-block-column is-vertically-aligned-center is-layout-flow wp-block-column-is-layout-flow\" style=\"flex-basis:56%\">\n<h2 class=\"wp-block-heading has-light-green-cyan-color has-text-color has-link-color has-large-font-size wp-elements-23d72eba8b5b5022413117d7b3ac13cf\"><strong>Expertise Technique<\/strong><\/h2>\n\n\n\n<p class=\"has-black-color has-text-color\" style=\"padding-right:120px;font-size:15px\">Nous apportons notre savoir-faire en ing\u00e9nierie des \u00e9quipements sous pression afin d\u2019optimiser la conception et la fabrication des \u00e9quipements, ainsi que l&rsquo;exploitation et la maintenance des installations. <\/p>\n\n\n\n<p class=\"has-black-color has-text-color\" style=\"padding-right:120px;font-size:15px\">Nos experts interviennent sur des probl\u00e9matiques complexes dans diff\u00e9rents domaines exigeants tels que : le <strong>dimensionnement<\/strong>, le <strong>soudage<\/strong>, les <strong>mat\u00e9riaux<\/strong>, les <strong>CND\/END<\/strong>.<\/p>\n<\/div>\n<\/div>\n\n\n\n<h2 class=\"wp-block-heading has-text-align-left has-light-green-cyan-color has-text-color has-link-color has-large-font-size wp-elements-d61eca409bec1c79ea04f5d7f7358bd6\"><strong>Expertise R\u00e9glementaire<\/strong><\/h2>\n\n\n\n<div class=\"wp-block-columns alignwide are-vertically-aligned-center is-layout-flex wp-container-core-columns-is-layout-d6ee8999 wp-block-columns-is-layout-flex\" style=\"margin-top:0px;margin-bottom:70px\">\n<div class=\"wp-block-column is-vertically-aligned-center is-layout-flow wp-block-column-is-layout-flow\" style=\"padding-top:0px;padding-right:0px;padding-bottom:0px;padding-left:0px\">\n<figure class=\"wp-block-image size-large\"><img loading=\"lazy\" decoding=\"async\" width=\"1024\" height=\"684\" src=\"http:\/\/www.ingecko.fr\/wp-content\/uploads\/2025\/01\/image-articles-blog-700X467-3-1024x684.jpg\" alt=\"\" class=\"wp-image-174\" style=\"aspect-ratio:3\/4;object-fit:cover\" srcset=\"https:\/\/www.ingecko.fr\/wp-content\/uploads\/2025\/01\/image-articles-blog-700X467-3-1024x684.jpg 1024w, https:\/\/www.ingecko.fr\/wp-content\/uploads\/2025\/01\/image-articles-blog-700X467-3-300x200.jpg 300w, https:\/\/www.ingecko.fr\/wp-content\/uploads\/2025\/01\/image-articles-blog-700X467-3-768x513.jpg 768w, https:\/\/www.ingecko.fr\/wp-content\/uploads\/2025\/01\/image-articles-blog-700X467-3.jpg 1050w\" sizes=\"auto, (max-width: 706px) 89vw, (max-width: 767px) 82vw, 740px\" \/><\/figure>\n<\/div>\n\n\n\n<div class=\"wp-block-column is-vertically-aligned-center is-layout-flow wp-block-column-is-layout-flow\" style=\"flex-basis:56%\">\n<p class=\"has-black-color has-text-color\" style=\"padding-right:120px;font-size:15px\">La conformit\u00e9 r\u00e9glementaire est un enjeu majeur pour les industries utilisant des \u00e9quipements sous pression. INGECKO accompagne ses clients dans l\u2019interpr\u00e9tation et l\u2019application des r\u00e9f\u00e9rentiels r\u00e9glementaires (<strong>DESP<\/strong>, <strong>ESPN<\/strong>) et normatifs (<strong>RCC-M<\/strong>, <strong>ASME<\/strong>, <strong>CODAP EN13445<\/strong>, <strong>EN13480<\/strong>, etc&#8230;). <\/p>\n\n\n\n<p class=\"has-black-color has-text-color\" style=\"padding-right:120px;font-size:15px\">Nous assurons des audits, des \u00e9valuations de conformit\u00e9 et une assistance aux d\u00e9marches de certification pour garantir des \u00e9quipements et des installations s\u00fbres et conformes aux exigences en vigueur.<\/p>\n<\/div>\n<\/div>\n\n\n\n<h2 class=\"wp-block-heading has-text-align-left has-light-green-cyan-color has-text-color has-link-color has-large-font-size wp-elements-498791387ef133fab374a7c9b2df2866\"><strong>Management de Projet<\/strong><\/h2>\n\n\n\n<div class=\"wp-block-columns alignwide is-layout-flex wp-container-core-columns-is-layout-38ffdf12 wp-block-columns-is-layout-flex\" style=\"margin-top:0px;margin-bottom:100px\">\n<div class=\"wp-block-column is-vertically-aligned-center is-layout-flow wp-block-column-is-layout-flow\" style=\"padding-top:0px;padding-right:0px;padding-bottom:0px;padding-left:0px\"><div class=\"wp-block-image\">\n<figure class=\"aligncenter size-large\"><img loading=\"lazy\" decoding=\"async\" width=\"1024\" height=\"683\" src=\"https:\/\/www.ingecko.fr\/wp-content\/uploads\/2025\/01\/gestion-projet-1024x683.jpeg\" alt=\"\" class=\"wp-image-169\" style=\"aspect-ratio:3\/4;object-fit:cover\" srcset=\"https:\/\/www.ingecko.fr\/wp-content\/uploads\/2025\/01\/gestion-projet-1024x683.jpeg 1024w, https:\/\/www.ingecko.fr\/wp-content\/uploads\/2025\/01\/gestion-projet-300x200.jpeg 300w, https:\/\/www.ingecko.fr\/wp-content\/uploads\/2025\/01\/gestion-projet-768x512.jpeg 768w, https:\/\/www.ingecko.fr\/wp-content\/uploads\/2025\/01\/gestion-projet-1536x1024.jpeg 1536w, https:\/\/www.ingecko.fr\/wp-content\/uploads\/2025\/01\/gestion-projet-2048x1365.jpeg 2048w\" sizes=\"auto, (max-width: 706px) 89vw, (max-width: 767px) 82vw, 740px\" \/><\/figure>\n<\/div><\/div>\n\n\n\n<div class=\"wp-block-column is-vertically-aligned-center is-layout-flow wp-block-column-is-layout-flow\" style=\"flex-basis:56%\">\n<p class=\"has-black-color has-text-color\" style=\"padding-right:120px;font-size:15px\">Nous pilotons et coordonnons les projets industriels en lien avec les \u00e9quipements sous pression, depuis la phase d\u2019\u00e9tude jusqu\u2019\u00e0 la mise en service. Nos \u00e9quipes assurent la planification, le suivi budg\u00e9taire et la gestion des risques pour garantir la r\u00e9ussite des projets dans le respect des d\u00e9lais et des exigences de qualit\u00e9 et de s\u00e9curit\u00e9.<\/p>\n\n\n\n<p>Avec INGECKO, b\u00e9n\u00e9ficiez d&rsquo;un partenaire de confiance pour assurer la s\u00fbret\u00e9, la conformit\u00e9 et la performance de vos \u00e9quipements sous pression et de vos installations.<\/p>\n<\/div>\n<\/div>\n\n\n<div class=\"is-default-size wp-block-site-logo\"><a href=\"https:\/\/www.ingecko.fr\/\" class=\"custom-logo-link\" rel=\"home\"><img loading=\"lazy\" decoding=\"async\" width=\"630\" height=\"250\" src=\"https:\/\/www.ingecko.fr\/wp-content\/uploads\/2026\/03\/cropped-Logo-grand-R.png\" class=\"custom-logo\" alt=\"\" srcset=\"https:\/\/www.ingecko.fr\/wp-content\/uploads\/2026\/03\/cropped-Logo-grand-R.png 630w, https:\/\/www.ingecko.fr\/wp-content\/uploads\/2026\/03\/cropped-Logo-grand-R-300x119.png 300w\" sizes=\"auto, 100vw\" \/><\/a><\/div>","protected":false},"excerpt":{"rendered":"<p>INGECKO vous propose une approche unique qui fait de lui un partenaire privil\u00e9gi\u00e9. Expertise Technique Nous apportons notre savoir-faire en ing\u00e9nierie des \u00e9quipements sous pression afin d\u2019optimiser la conception et la fabrication des \u00e9quipements, ainsi que l&rsquo;exploitation et la maintenance des installations. Nos experts interviennent sur des probl\u00e9matiques complexes dans diff\u00e9rents domaines exigeants tels que &hellip; <\/p>\n<p class=\"link-more\"><a href=\"https:\/\/www.ingecko.fr\/index.php\/services\/\" class=\"more-link\">Continuer la lecture<span class=\"screen-reader-text\"> de &laquo;&nbsp;Notre offre&nbsp;&raquo;<\/span><\/a><\/p>\n","protected":false},"author":1,"featured_media":40,"parent":0,"menu_order":2,"comment_status":"closed","ping_status":"closed","template":"","meta":{"footnotes":""},"class_list":["post-24","page","type-page","status-publish","has-post-thumbnail","hentry"],"_links":{"self":[{"href":"https:\/\/www.ingecko.fr\/index.php\/wp-json\/wp\/v2\/pages\/24","targetHints":{"allow":["GET"]}}],"collection":[{"href":"https:\/\/www.ingecko.fr\/index.php\/wp-json\/wp\/v2\/pages"}],"about":[{"href":"https:\/\/www.ingecko.fr\/index.php\/wp-json\/wp\/v2\/types\/page"}],"author":[{"embeddable":true,"href":"https:\/\/www.ingecko.fr\/index.php\/wp-json\/wp\/v2\/users\/1"}],"replies":[{"embeddable":true,"href":"https:\/\/www.ingecko.fr\/index.php\/wp-json\/wp\/v2\/comments?post=24"}],"version-history":[{"count":28,"href":"https:\/\/www.ingecko.fr\/index.php\/wp-json\/wp\/v2\/pages\/24\/revisions"}],"predecessor-version":[{"id":208,"href":"https:\/\/www.ingecko.fr\/index.php\/wp-json\/wp\/v2\/pages\/24\/revisions\/208"}],"wp:featuredmedia":[{"embeddable":true,"href":"https:\/\/www.ingecko.fr\/index.php\/wp-json\/wp\/v2\/media\/40"}],"wp:attachment":[{"href":"https:\/\/www.ingecko.fr\/index.php\/wp-json\/wp\/v2\/media?parent=24"}],"curies":[{"name":"wp","href":"https:\/\/api.w.org\/{rel}","templated":true}]}}