{"id":26,"date":"2024-12-11T17:49:52","date_gmt":"2024-12-11T16:49:52","guid":{"rendered":"http:\/\/www.ingecko.fr\/?page_id=26"},"modified":"2026-03-16T16:30:47","modified_gmt":"2026-03-16T15:30:47","slug":"contact","status":"publish","type":"page","link":"https:\/\/www.ingecko.fr\/index.php\/contact\/","title":{"rendered":"Nous contacter"},"content":{"rendered":"\n<p>Si vous souhaitez avoir plus d&rsquo;informations,<br>Si vous \u00eates int\u00e9ress\u00e9s par nos services,<br>n&rsquo;h\u00e9sitez pas \u00e0 nous contacter par mail ou par t\u00e9l\u00e9phone:<\/p>\n\n\n\n<blockquote class=\"wp-block-quote is-layout-flow wp-block-quote-is-layout-flow\">\n<p><strong>a.waeckel@ingecko.fr<\/strong><br><strong>06.59.45.78.59<\/strong><\/p>\n<\/blockquote>\n\n\n\n<figure class=\"wp-block-image size-large\"><img loading=\"lazy\" decoding=\"async\" width=\"1024\" height=\"284\" src=\"http:\/\/www.ingecko.fr\/wp-content\/uploads\/2026\/03\/INGECKO-par-INGECORP_grand-1024x284.png\" alt=\"\" class=\"wp-image-232\" srcset=\"https:\/\/www.ingecko.fr\/wp-content\/uploads\/2026\/03\/INGECKO-par-INGECORP_grand-1024x284.png 1024w, https:\/\/www.ingecko.fr\/wp-content\/uploads\/2026\/03\/INGECKO-par-INGECORP_grand-300x83.png 300w, https:\/\/www.ingecko.fr\/wp-content\/uploads\/2026\/03\/INGECKO-par-INGECORP_grand-768x213.png 768w, https:\/\/www.ingecko.fr\/wp-content\/uploads\/2026\/03\/INGECKO-par-INGECORP_grand-1536x425.png 1536w, https:\/\/www.ingecko.fr\/wp-content\/uploads\/2026\/03\/INGECKO-par-INGECORP_grand-2048x567.png 2048w\" sizes=\"auto, (max-width: 706px) 89vw, (max-width: 767px) 82vw, 740px\" \/><\/figure>\n\n\n\n<p><\/p>\n","protected":false},"excerpt":{"rendered":"<p>Si vous souhaitez avoir plus d&rsquo;informations,Si vous \u00eates int\u00e9ress\u00e9s par nos services,n&rsquo;h\u00e9sitez pas \u00e0 nous contacter par mail ou par t\u00e9l\u00e9phone: a.waeckel@ingecko.fr06.59.45.78.59<\/p>\n","protected":false},"author":1,"featured_media":97,"parent":0,"menu_order":5,"comment_status":"closed","ping_status":"closed","template":"","meta":{"footnotes":""},"class_list":["post-26","page","type-page","status-publish","has-post-thumbnail","hentry"],"_links":{"self":[{"href":"https:\/\/www.ingecko.fr\/index.php\/wp-json\/wp\/v2\/pages\/26","targetHints":{"allow":["GET"]}}],"collection":[{"href":"https:\/\/www.ingecko.fr\/index.php\/wp-json\/wp\/v2\/pages"}],"about":[{"href":"https:\/\/www.ingecko.fr\/index.php\/wp-json\/wp\/v2\/types\/page"}],"author":[{"embeddable":true,"href":"https:\/\/www.ingecko.fr\/index.php\/wp-json\/wp\/v2\/users\/1"}],"replies":[{"embeddable":true,"href":"https:\/\/www.ingecko.fr\/index.php\/wp-json\/wp\/v2\/comments?post=26"}],"version-history":[{"count":11,"href":"https:\/\/www.ingecko.fr\/index.php\/wp-json\/wp\/v2\/pages\/26\/revisions"}],"predecessor-version":[{"id":234,"href":"https:\/\/www.ingecko.fr\/index.php\/wp-json\/wp\/v2\/pages\/26\/revisions\/234"}],"wp:featuredmedia":[{"embeddable":true,"href":"https:\/\/www.ingecko.fr\/index.php\/wp-json\/wp\/v2\/media\/97"}],"wp:attachment":[{"href":"https:\/\/www.ingecko.fr\/index.php\/wp-json\/wp\/v2\/media?parent=26"}],"curies":[{"name":"wp","href":"https:\/\/api.w.org\/{rel}","templated":true}]}}