{"id":81,"date":"2024-12-12T14:37:00","date_gmt":"2024-12-12T13:37:00","guid":{"rendered":"https:\/\/www.ingecko.fr\/?page_id=81"},"modified":"2026-03-16T16:36:06","modified_gmt":"2026-03-16T15:36:06","slug":"ils-nous-font-confiance","status":"publish","type":"page","link":"https:\/\/www.ingecko.fr\/index.php\/ils-nous-font-confiance\/","title":{"rendered":"Ils nous font confiance !"},"content":{"rendered":"\n<div class=\"wp-block-media-text is-stacked-on-mobile\"><figure class=\"wp-block-media-text__media\"><img loading=\"lazy\" decoding=\"async\" width=\"630\" height=\"250\" src=\"http:\/\/www.ingecko.fr\/wp-content\/uploads\/2026\/03\/cropped-Logo-grand-R.png\" alt=\"\" class=\"wp-image-236 size-full\" srcset=\"https:\/\/www.ingecko.fr\/wp-content\/uploads\/2026\/03\/cropped-Logo-grand-R.png 630w, https:\/\/www.ingecko.fr\/wp-content\/uploads\/2026\/03\/cropped-Logo-grand-R-300x119.png 300w\" sizes=\"auto, (max-width: 630px) 100vw, 630px\" \/><\/figure><div class=\"wp-block-media-text__content\">\n<p class=\"has-light-green-cyan-color has-text-color has-link-color wp-elements-721bc64deda3305dc649a290ca65f16b\" style=\"font-size:35px\">d\u00e9j\u00e0 le partenaire de confiance de :<\/p>\n<\/div><\/div>\n\n\n\n<div class=\"wp-block-media-text is-stacked-on-mobile\"><figure class=\"wp-block-media-text__media\"><img loading=\"lazy\" decoding=\"async\" width=\"2000\" height=\"1091\" src=\"https:\/\/www.ingecko.fr\/wp-content\/uploads\/2024\/12\/Logo-EDF.png\" alt=\"\" class=\"wp-image-125 size-full\" srcset=\"https:\/\/www.ingecko.fr\/wp-content\/uploads\/2024\/12\/Logo-EDF.png 2000w, https:\/\/www.ingecko.fr\/wp-content\/uploads\/2024\/12\/Logo-EDF-300x164.png 300w, https:\/\/www.ingecko.fr\/wp-content\/uploads\/2024\/12\/Logo-EDF-1024x559.png 1024w, https:\/\/www.ingecko.fr\/wp-content\/uploads\/2024\/12\/Logo-EDF-768x419.png 768w, https:\/\/www.ingecko.fr\/wp-content\/uploads\/2024\/12\/Logo-EDF-1536x838.png 1536w\" sizes=\"auto, (max-width: 706px) 89vw, (max-width: 767px) 82vw, 740px\" \/><\/figure><div class=\"wp-block-media-text__content\">\n<p><strong><em>Pilotage de Projet et Expertise<\/em><\/strong><br><strong><em>EPR Flamanville 3<\/em><\/strong><br>Expertise technique ESP<br>Expertise R\u00e9glementaire ESP\/ESPN<br>Chaudronnerie et Tuyauterie<\/p>\n<\/div><\/div>\n\n\n\n<div class=\"wp-block-media-text has-media-on-the-right is-stacked-on-mobile is-image-fill-element\" style=\"grid-template-columns:auto 54%\"><div class=\"wp-block-media-text__content\">\n<p class=\"has-text-align-right\"><strong><em>Conception Machines Tournantes<\/em><\/strong><br><strong><em>EPR &#8211; Arabelle<\/em><\/strong><br>Calcul EF et dimensionnement de rotors de turbine<br>Analyse des modes de d\u00e9faillances<\/p>\n<\/div><figure class=\"wp-block-media-text__media\"><img loading=\"lazy\" decoding=\"async\" width=\"626\" height=\"471\" src=\"https:\/\/www.ingecko.fr\/wp-content\/uploads\/2024\/12\/LOGO-ALSTOM-1.png\" alt=\"\" class=\"wp-image-118 size-full\" style=\"object-position:50% 50%\" srcset=\"https:\/\/www.ingecko.fr\/wp-content\/uploads\/2024\/12\/LOGO-ALSTOM-1.png 626w, https:\/\/www.ingecko.fr\/wp-content\/uploads\/2024\/12\/LOGO-ALSTOM-1-300x226.png 300w\" sizes=\"auto, (max-width: 626px) 100vw, 626px\" \/><\/figure><\/div>\n\n\n\n<div class=\"wp-block-media-text is-stacked-on-mobile\"><figure class=\"wp-block-media-text__media\"><img loading=\"lazy\" decoding=\"async\" width=\"301\" height=\"118\" src=\"https:\/\/www.ingecko.fr\/wp-content\/uploads\/2024\/12\/Image1.png\" alt=\"\" class=\"wp-image-119 size-full\"\/><\/figure><div class=\"wp-block-media-text__content\">\n<p><strong><em>Pilotage de Projet et Expertise<\/em><\/strong><br><strong><em>CNPE du parc en Exploitation<\/em><\/strong><br>Expertise technique ESP<br>Expertise R\u00e9glementaire ESP\/ESPN<br>Pilotage d&rsquo;organisme<br>R\u00e9cipient, Tuyauterie et Robinetterie<\/p>\n<\/div><\/div>\n\n\n\n<div class=\"wp-block-media-text has-media-on-the-right is-stacked-on-mobile\" style=\"grid-template-columns:auto 48%\"><div class=\"wp-block-media-text__content\">\n<p class=\"has-text-align-right\"><strong><em>Assistance technique d&rsquo;un SIR<\/em><\/strong><br><strong><em>Arr\u00eat d&rsquo;unit\u00e9 &#8211; Site p\u00e9trolier<\/em><\/strong><br>Expertise technique ESP<br>Expertise R\u00e9glementaire ESP<br>Revamping, maintenance et mise en service<\/p>\n<\/div><figure class=\"wp-block-media-text__media\"><img loading=\"lazy\" decoding=\"async\" width=\"1024\" height=\"576\" src=\"https:\/\/www.ingecko.fr\/wp-content\/uploads\/2024\/12\/TotalEnergies-Nouveau-Logo-1024x576.jpg\" alt=\"\" class=\"wp-image-120 size-full\" srcset=\"https:\/\/www.ingecko.fr\/wp-content\/uploads\/2024\/12\/TotalEnergies-Nouveau-Logo-1024x576.jpg 1024w, https:\/\/www.ingecko.fr\/wp-content\/uploads\/2024\/12\/TotalEnergies-Nouveau-Logo-300x169.jpg 300w, https:\/\/www.ingecko.fr\/wp-content\/uploads\/2024\/12\/TotalEnergies-Nouveau-Logo-768x432.jpg 768w, https:\/\/www.ingecko.fr\/wp-content\/uploads\/2024\/12\/TotalEnergies-Nouveau-Logo-1536x864.jpg 1536w, https:\/\/www.ingecko.fr\/wp-content\/uploads\/2024\/12\/TotalEnergies-Nouveau-Logo.jpg 1920w\" sizes=\"auto, (max-width: 706px) 89vw, (max-width: 767px) 82vw, 740px\" \/><\/figure><\/div>\n\n\n\n<div class=\"wp-block-media-text is-stacked-on-mobile\"><figure class=\"wp-block-media-text__media\"><img loading=\"lazy\" decoding=\"async\" width=\"267\" height=\"189\" src=\"https:\/\/www.ingecko.fr\/wp-content\/uploads\/2024\/12\/index.jpg\" alt=\"\" class=\"wp-image-124 size-full\"\/><\/figure><div class=\"wp-block-media-text__content\">\n<p><strong><em>Management de contrat<\/em><\/strong><br><strong><em>HPC-UK<\/em><\/strong><br>Pilotage de contrat d&rsquo;\u00e9quipements chaudronn\u00e9s pour le projet EPR HPC<\/p>\n<\/div><\/div>\n\n\n\n<div class=\"wp-block-media-text has-media-on-the-right is-stacked-on-mobile\" style=\"grid-template-columns:auto 47%\"><div class=\"wp-block-media-text__content\">\n<p class=\"has-text-align-right\"><strong><em>Bureau d&rsquo;\u00e9tude M\u00e9canique<\/em><\/strong><br>Calcul par EF  et dimensionnement d&rsquo;\u00e9quipement sous pression, tuyauterie, HVAC pour le Nucl\u00e9aire et l&rsquo;Oil and Gas<\/p>\n<\/div><figure class=\"wp-block-media-text__media\"><img loading=\"lazy\" decoding=\"async\" width=\"389\" height=\"129\" src=\"https:\/\/www.ingecko.fr\/wp-content\/uploads\/2024\/12\/SOM.png\" alt=\"\" class=\"wp-image-121 size-full\" srcset=\"https:\/\/www.ingecko.fr\/wp-content\/uploads\/2024\/12\/SOM.png 389w, https:\/\/www.ingecko.fr\/wp-content\/uploads\/2024\/12\/SOM-300x99.png 300w\" sizes=\"auto, (max-width: 389px) 100vw, 389px\" \/><\/figure><\/div>\n\n\n\n<div style=\"height:100px\" aria-hidden=\"true\" class=\"wp-block-spacer\"><\/div>\n\n\n\n<div class=\"wp-block-media-text is-stacked-on-mobile\" style=\"grid-template-columns:48% auto\"><figure class=\"wp-block-media-text__media\"><img loading=\"lazy\" decoding=\"async\" width=\"416\" height=\"121\" src=\"https:\/\/www.ingecko.fr\/wp-content\/uploads\/2024\/12\/index.png\" alt=\"\" class=\"wp-image-122 size-full\" srcset=\"https:\/\/www.ingecko.fr\/wp-content\/uploads\/2024\/12\/index.png 416w, https:\/\/www.ingecko.fr\/wp-content\/uploads\/2024\/12\/index-300x87.png 300w\" sizes=\"auto, (max-width: 416px) 100vw, 416px\" \/><\/figure><div class=\"wp-block-media-text__content\">\n<p><strong><em>Expertise Technique et R\u00e9glementaire<\/em><\/strong><br><strong><em>EPR FA3 et EPR2<\/em><\/strong><br>Expertise technique ESP\/ ESPN<br>R\u00e9cipient, Echangeur, TY<br>R\u00e9glementation ESPN mise en service et suivi en service.<\/p>\n<\/div><\/div>\n\n\n\n<div style=\"height:100px\" aria-hidden=\"true\" class=\"wp-block-spacer\"><\/div>\n\n\n<div class=\"is-default-size wp-block-site-logo\"><a href=\"https:\/\/www.ingecko.fr\/\" class=\"custom-logo-link\" rel=\"home\"><img loading=\"lazy\" decoding=\"async\" width=\"630\" height=\"250\" src=\"https:\/\/www.ingecko.fr\/wp-content\/uploads\/2026\/03\/cropped-Logo-grand-R.png\" class=\"custom-logo\" alt=\"\" srcset=\"https:\/\/www.ingecko.fr\/wp-content\/uploads\/2026\/03\/cropped-Logo-grand-R.png 630w, https:\/\/www.ingecko.fr\/wp-content\/uploads\/2026\/03\/cropped-Logo-grand-R-300x119.png 300w\" sizes=\"auto, 100vw\" \/><\/a><\/div>\n\n\n<p><\/p>\n","protected":false},"excerpt":{"rendered":"<p>d\u00e9j\u00e0 le partenaire de confiance de : Pilotage de Projet et ExpertiseEPR Flamanville 3Expertise technique ESPExpertise R\u00e9glementaire ESP\/ESPNChaudronnerie et Tuyauterie Conception Machines TournantesEPR &#8211; ArabelleCalcul EF et dimensionnement de rotors de turbineAnalyse des modes de d\u00e9faillances Pilotage de Projet et ExpertiseCNPE du parc en ExploitationExpertise technique ESPExpertise R\u00e9glementaire ESP\/ESPNPilotage d&rsquo;organismeR\u00e9cipient, Tuyauterie et Robinetterie Assistance technique &hellip; <\/p>\n<p class=\"link-more\"><a href=\"https:\/\/www.ingecko.fr\/index.php\/ils-nous-font-confiance\/\" class=\"more-link\">Continuer la lecture<span class=\"screen-reader-text\"> de &laquo;&nbsp;Ils nous font confiance !&nbsp;&raquo;<\/span><\/a><\/p>\n","protected":false},"author":1,"featured_media":93,"parent":0,"menu_order":4,"comment_status":"closed","ping_status":"closed","template":"","meta":{"footnotes":""},"class_list":["post-81","page","type-page","status-publish","has-post-thumbnail","hentry"],"_links":{"self":[{"href":"https:\/\/www.ingecko.fr\/index.php\/wp-json\/wp\/v2\/pages\/81","targetHints":{"allow":["GET"]}}],"collection":[{"href":"https:\/\/www.ingecko.fr\/index.php\/wp-json\/wp\/v2\/pages"}],"about":[{"href":"https:\/\/www.ingecko.fr\/index.php\/wp-json\/wp\/v2\/types\/page"}],"author":[{"embeddable":true,"href":"https:\/\/www.ingecko.fr\/index.php\/wp-json\/wp\/v2\/users\/1"}],"replies":[{"embeddable":true,"href":"https:\/\/www.ingecko.fr\/index.php\/wp-json\/wp\/v2\/comments?post=81"}],"version-history":[{"count":22,"href":"https:\/\/www.ingecko.fr\/index.php\/wp-json\/wp\/v2\/pages\/81\/revisions"}],"predecessor-version":[{"id":238,"href":"https:\/\/www.ingecko.fr\/index.php\/wp-json\/wp\/v2\/pages\/81\/revisions\/238"}],"wp:featuredmedia":[{"embeddable":true,"href":"https:\/\/www.ingecko.fr\/index.php\/wp-json\/wp\/v2\/media\/93"}],"wp:attachment":[{"href":"https:\/\/www.ingecko.fr\/index.php\/wp-json\/wp\/v2\/media?parent=81"}],"curies":[{"name":"wp","href":"https:\/\/api.w.org\/{rel}","templated":true}]}}